{"id":2812,"date":"2022-07-20T09:44:48","date_gmt":"2022-07-20T09:44:48","guid":{"rendered":"https:\/\/catdev.es\/lants2\/reformas-locales-comerciales\/"},"modified":"2022-07-24T05:42:46","modified_gmt":"2022-07-24T05:42:46","slug":"%d1%80%d0%b5%d0%bc%d0%be%d0%bd%d1%82-%d1%82%d0%be%d1%80%d0%b3%d0%be%d0%b2%d1%8b%d1%85-%d0%bf%d0%be%d0%bc%d0%b5%d1%89%d0%b5%d0%bd%d0%b8%d0%b9","status":"publish","type":"page","link":"https:\/\/www.lants.es\/ru\/%d1%80%d0%b5%d0%bc%d0%be%d0%bd%d1%82-%d1%82%d0%be%d1%80%d0%b3%d0%be%d0%b2%d1%8b%d1%85-%d0%bf%d0%be%d0%bc%d0%b5%d1%89%d0%b5%d0%bd%d0%b8%d0%b9\/","title":{"rendered":"\u0420\u0435\u043c\u043e\u043d\u0442 \u0442\u043e\u0440\u0433\u043e\u0432\u044b\u0445 \u043f\u043e\u043c\u0435\u0449\u0435\u043d\u0438\u0439"},"content":{"rendered":"\t\t<div data-elementor-type=\"wp-page\" data-elementor-id=\"2812\" class=\"elementor elementor-2812 elementor-2582\">\n\t\t\t\t\t\t\t\t\t<section class=\"elementor-section elementor-top-section elementor-element elementor-element-97f8a14 elementor-section-stretched animated-slow elementor-section-boxed elementor-section-height-default elementor-section-height-default elementor-invisible\" data-id=\"97f8a14\" data-element_type=\"section\" data-settings=\"{&quot;stretch_section&quot;:&quot;section-stretched&quot;,&quot;background_background&quot;:&quot;classic&quot;,&quot;animation&quot;:&quot;fadeIn&quot;,&quot;_ha_eqh_enable&quot;:false}\">\n\t\t\t\t\t\t<div class=\"elementor-container elementor-column-gap-default\">\n\t\t\t\t\t<div class=\"elementor-column elementor-col-100 elementor-top-column elementor-element elementor-element-36366ae\" data-id=\"36366ae\" data-element_type=\"column\">\n\t\t\t<div class=\"elementor-widget-wrap elementor-element-populated\">\n\t\t\t\t\t\t\t\t<div class=\"elementor-element elementor-element-be2d2e3 elementor-widget elementor-widget-spacer\" data-id=\"be2d2e3\" data-element_type=\"widget\" data-widget_type=\"spacer.default\">\n\t\t\t\t<div class=\"elementor-widget-container\">\n\t\t\t<style>\/*! elementor - v3.18.0 - 20-12-2023 *\/\n.elementor-column .elementor-spacer-inner{height:var(--spacer-size)}.e-con{--container-widget-width:100%}.e-con-inner>.elementor-widget-spacer,.e-con>.elementor-widget-spacer{width:var(--container-widget-width,var(--spacer-size));--align-self:var(--container-widget-align-self,initial);--flex-shrink:0}.e-con-inner>.elementor-widget-spacer>.elementor-widget-container,.e-con>.elementor-widget-spacer>.elementor-widget-container{height:100%;width:100%}.e-con-inner>.elementor-widget-spacer>.elementor-widget-container>.elementor-spacer,.e-con>.elementor-widget-spacer>.elementor-widget-container>.elementor-spacer{height:100%}.e-con-inner>.elementor-widget-spacer>.elementor-widget-container>.elementor-spacer>.elementor-spacer-inner,.e-con>.elementor-widget-spacer>.elementor-widget-container>.elementor-spacer>.elementor-spacer-inner{height:var(--container-widget-height,var(--spacer-size))}.e-con-inner>.elementor-widget-spacer.elementor-widget-empty,.e-con>.elementor-widget-spacer.elementor-widget-empty{position:relative;min-height:22px;min-width:22px}.e-con-inner>.elementor-widget-spacer.elementor-widget-empty .elementor-widget-empty-icon,.e-con>.elementor-widget-spacer.elementor-widget-empty .elementor-widget-empty-icon{position:absolute;top:0;bottom:0;left:0;right:0;margin:auto;padding:0;width:22px;height:22px}<\/style>\t\t<div class=\"elementor-spacer\">\n\t\t\t<div class=\"elementor-spacer-inner\"><\/div>\n\t\t<\/div>\n\t\t\t\t<\/div>\n\t\t\t\t<\/div>\n\t\t\t\t<div class=\"elementor-element elementor-element-e79bc4d elementor-widget elementor-widget-heading\" data-id=\"e79bc4d\" data-element_type=\"widget\" data-widget_type=\"heading.default\">\n\t\t\t\t<div class=\"elementor-widget-container\">\n\t\t\t<style>\/*! elementor - v3.18.0 - 20-12-2023 *\/\n.elementor-heading-title{padding:0;margin:0;line-height:1}.elementor-widget-heading .elementor-heading-title[class*=elementor-size-]>a{color:inherit;font-size:inherit;line-height:inherit}.elementor-widget-heading .elementor-heading-title.elementor-size-small{font-size:15px}.elementor-widget-heading .elementor-heading-title.elementor-size-medium{font-size:19px}.elementor-widget-heading .elementor-heading-title.elementor-size-large{font-size:29px}.elementor-widget-heading .elementor-heading-title.elementor-size-xl{font-size:39px}.elementor-widget-heading .elementor-heading-title.elementor-size-xxl{font-size:59px}<\/style><h1 class=\"elementor-heading-title elementor-size-default\">\u0420\u0435\u043c\u043e\u043d\u0442 \u0442\u043e\u0440\u0433\u043e\u0432\u044b\u0445 \u043f\u043e\u043c\u0435\u0449\u0435\u043d\u0438\u0439<\/h1>\t\t<\/div>\n\t\t\t\t<\/div>\n\t\t\t\t<div class=\"elementor-element elementor-element-f4634f5 elementor-widget elementor-widget-spacer\" data-id=\"f4634f5\" data-element_type=\"widget\" data-widget_type=\"spacer.default\">\n\t\t\t\t<div class=\"elementor-widget-container\">\n\t\t\t\t\t<div class=\"elementor-spacer\">\n\t\t\t<div class=\"elementor-spacer-inner\"><\/div>\n\t\t<\/div>\n\t\t\t\t<\/div>\n\t\t\t\t<\/div>\n\t\t\t\t\t<\/div>\n\t\t<\/div>\n\t\t\t\t\t\t\t<\/div>\n\t\t<\/section>\n\t\t\t\t<section class=\"elementor-section elementor-top-section elementor-element elementor-element-4d84043 animated-slow elementor-section-boxed elementor-section-height-default elementor-section-height-default elementor-invisible\" data-id=\"4d84043\" data-element_type=\"section\" data-settings=\"{&quot;animation&quot;:&quot;fadeInUp&quot;,&quot;_ha_eqh_enable&quot;:false}\">\n\t\t\t\t\t\t<div class=\"elementor-container elementor-column-gap-default\">\n\t\t\t\t\t<div class=\"elementor-column elementor-col-100 elementor-top-column elementor-element elementor-element-a2e5db7\" data-id=\"a2e5db7\" data-element_type=\"column\">\n\t\t\t<div class=\"elementor-widget-wrap elementor-element-populated\">\n\t\t\t\t\t\t\t\t<div class=\"elementor-element elementor-element-fe7f203 elementor-widget elementor-widget-text-editor\" data-id=\"fe7f203\" data-element_type=\"widget\" data-widget_type=\"text-editor.default\">\n\t\t\t\t<div class=\"elementor-widget-container\">\n\t\t\t<style>\/*! elementor - v3.18.0 - 20-12-2023 *\/\n.elementor-widget-text-editor.elementor-drop-cap-view-stacked .elementor-drop-cap{background-color:#69727d;color:#fff}.elementor-widget-text-editor.elementor-drop-cap-view-framed .elementor-drop-cap{color:#69727d;border:3px solid;background-color:transparent}.elementor-widget-text-editor:not(.elementor-drop-cap-view-default) .elementor-drop-cap{margin-top:8px}.elementor-widget-text-editor:not(.elementor-drop-cap-view-default) .elementor-drop-cap-letter{width:1em;height:1em}.elementor-widget-text-editor .elementor-drop-cap{float:left;text-align:center;line-height:1;font-size:50px}.elementor-widget-text-editor .elementor-drop-cap-letter{display:inline-block}<\/style>\t\t\t\t<h3>\u0412 LANTS \u043c\u044b \u043c\u043e\u0436\u0435\u043c \u043f\u0440\u043e\u0432\u0435\u0441\u0442\u0438 \u0440\u0435\u043c\u043e\u043d\u0442 \u043b\u044e\u0431\u043e\u0433\u043e \u0442\u0438\u043f\u0430 \u0432 \u0442\u043e\u0440\u0433\u043e\u0432\u044b\u0445 \u043f\u043e\u043c\u0435\u0449\u0435\u043d\u0438\u044f\u0445 \u0438 \u043e\u0444\u0438\u0441\u0430\u0445 \u0411\u0430\u0440\u0441\u0435\u043b\u043e\u043d\u044b \u0438 \u0411\u0430\u043b\u0435\u0430\u0440\u0441\u043a\u0438\u0445 \u043e\u0441\u0442\u0440\u043e\u0432\u043e\u0432.<\/h3><p>\u041d\u0430\u0448\u0430 \u043a\u043e\u043c\u043f\u0430\u043d\u0438\u044f \u0440\u0430\u0441\u043f\u043e\u043b\u0430\u0433\u0430\u0435\u0442 \u0431\u043e\u043b\u044c\u0448\u043e\u0439 \u043a\u043e\u043c\u0430\u043d\u0434\u043e\u0439 \u043e\u043f\u044b\u0442\u043d\u044b\u0445 \u043f\u0440\u043e\u0444\u0435\u0441\u0441\u0438\u043e\u043d\u0430\u043b\u043e\u0432 \u0432 \u0441\u0444\u0435\u0440\u0435 \u0440\u0435\u043c\u043e\u043d\u0442\u0430 \u0442\u043e\u0440\u0433\u043e\u0432\u044b\u0445 \u043f\u043e\u043c\u0435\u0449\u0435\u043d\u0438\u0439 \u0438 \u0440\u0430\u0437\u0432\u0438\u0442\u0438\u044e \u0444\u0440\u0430\u043d\u0448\u0438\u0437. \u041c\u044b \u043e\u0441\u0443\u0449\u0435\u0441\u0442\u0432\u043b\u044f\u0435\u043c \u0434\u0438\u0437\u0430\u0439\u043d \u0438 \u043a\u0430\u043f\u0438\u0442\u0430\u043b\u044c\u043d\u044b\u0439 \u0440\u0435\u043c\u043e\u043d\u0442 \u043f\u043e\u043c\u0435\u0449\u0435\u043d\u0438\u0439 \u043b\u044e\u0431\u043e\u0433\u043e \u0442\u0438\u043f\u0430, \u043e\u0442 \u043c\u0430\u0433\u0430\u0437\u0438\u043d\u043e\u0432 \u0434\u043e \u0440\u0435\u0441\u0442\u043e\u0440\u0430\u043d\u043e\u0432, \u043a\u0430\u0444\u0435, \u0431\u0430\u0440\u043e\u0432, \u043e\u0442\u0435\u043b\u0435\u0439, \u0444\u0440\u0430\u043d\u0448\u0438\u0437 \u0438 \u043e\u0444\u0438\u0441\u043e\u0432.<br \/>\u041d\u0430\u0448\u0430 \u0446\u0435\u043b\u044c \u2013 \u0441\u043e\u0432\u043c\u0435\u0441\u0442\u0438\u0442\u044c \u0431\u0438\u0437\u043d\u0435\u0441 \u043a\u043e\u043d\u0446\u0435\u043f\u0446\u0438\u044e \u043a\u043b\u0438\u0435\u043d\u0442\u0430 \u0441 \u0441\u043e\u043e\u0442\u0432\u0435\u0442\u0441\u0442\u0432\u0443\u044e\u0449\u0435\u0439 \u043e\u0431\u0441\u0442\u0430\u043d\u043e\u0432\u043a\u043e\u0439 \u0434\u043b\u044f \u0434\u043e\u0441\u0442\u0438\u0436\u0435\u043d\u0438\u044f \u043c\u0430\u043a\u0441\u0438\u043c\u0430\u043b\u044c\u043d\u043e\u0439 \u0444\u0443\u043d\u043a\u0446\u0438\u043e\u043d\u0430\u043b\u044c\u043d\u043e\u0441\u0442\u0438, \u0443\u0434\u043e\u0431\u0441\u0442\u0432\u0430 \u0434\u043b\u044f \u0446\u0435\u043b\u0435\u0432\u044b\u0445 \u043a\u043b\u0438\u0435\u043d\u0442\u043e\u0432 \u0438 \u044d\u043c\u043e\u0446\u0438\u043e\u043d\u0430\u043b\u044c\u043d\u043e\u0433\u043e \u043a\u043e\u043c\u0444\u043e\u0440\u0442\u0430, \u043a\u043e\u0442\u043e\u0440\u044b\u0439 \u0431\u044b \u0441\u043f\u043e\u0441\u043e\u0431\u0441\u0442\u0432\u043e\u0432\u0430\u043b \u0438\u0445 \u0432\u043e\u0437\u0432\u0440\u0430\u0449\u0435\u043d\u0438\u044e \u0442\u0443\u0434\u0430 \u0441\u043d\u043e\u0432\u0430 \u0438 \u0441\u043d\u043e\u0432\u0430.<\/p><p style=\"text-align: center;\">\u041e\u0431\u0440\u0430\u0442\u0438\u0442\u0435\u0441\u044c \u043a \u043d\u0430\u043c \u0437\u0430 \u043a\u043e\u043d\u0441\u0443\u043b\u044c\u0442\u0430\u0446\u0438\u0435\u0439, \u0438 \u0412\u0430\u0441 \u0443\u0434\u0438\u0432\u0438\u0442 \u043d\u0430\u0448\u0435 \u043e\u0442\u043b\u0438\u0447\u043d\u043e\u0435 \u0441\u043e\u043e\u0442\u043d\u043e\u0448\u0435\u043d\u0438\u0435 \u0446\u0435\u043d\u044b \u0438 \u043a\u0430\u0447\u0435\u0441\u0442\u0432\u0430. \u0418 \u043c\u044b \u0441\u043e\u0441\u0442\u0430\u0432\u0438\u043c \u0412\u0430\u043c \u0441\u043c\u0435\u0442\u0443!<\/p>\t\t\t\t\t\t<\/div>\n\t\t\t\t<\/div>\n\t\t\t\t\t<\/div>\n\t\t<\/div>\n\t\t\t\t\t\t\t<\/div>\n\t\t<\/section>\n\t\t\t\t<section class=\"elementor-section elementor-top-section elementor-element elementor-element-eac765b elementor-section-boxed elementor-section-height-default elementor-section-height-default\" data-id=\"eac765b\" data-element_type=\"section\" data-settings=\"{&quot;_ha_eqh_enable&quot;:false}\">\n\t\t\t\t\t\t<div class=\"elementor-container elementor-column-gap-default\">\n\t\t\t\t\t<div class=\"elementor-column elementor-col-100 elementor-top-column elementor-element elementor-element-42de36a\" data-id=\"42de36a\" data-element_type=\"column\">\n\t\t\t<div class=\"elementor-widget-wrap elementor-element-populated\">\n\t\t\t\t\t\t\t\t<div class=\"elementor-element elementor-element-89b7fb9 elementor-widget elementor-widget-text-editor\" data-id=\"89b7fb9\" data-element_type=\"widget\" data-widget_type=\"text-editor.default\">\n\t\t\t\t<div class=\"elementor-widget-container\">\n\t\t\t\t\t\t\t<h4 style=\"text-align: center;\">Cons\u00faltanos y te sorprender\u00e1s de nuestra excelente relaci\u00f3n calidad-precio.<br \/>\u00a1Elaboramos tu presupuesto!<\/h4>\t\t\t\t\t\t<\/div>\n\t\t\t\t<\/div>\n\t\t\t\t\t<\/div>\n\t\t<\/div>\n\t\t\t\t\t\t\t<\/div>\n\t\t<\/section>\n\t\t\t\t\t\t\t<\/div>\n\t\t","protected":false},"excerpt":{"rendered":"<p>\u0420\u0435\u043c\u043e\u043d\u0442 \u0442\u043e\u0440\u0433\u043e\u0432\u044b\u0445 \u043f\u043e\u043c\u0435\u0449\u0435\u043d\u0438\u0439 \u0412 LANTS \u043c\u044b \u043c\u043e\u0436\u0435\u043c \u043f\u0440\u043e\u0432\u0435\u0441\u0442\u0438 \u0440\u0435\u043c\u043e\u043d\u0442 \u043b\u044e\u0431\u043e\u0433\u043e \u0442\u0438\u043f\u0430 \u0432 \u0442\u043e\u0440\u0433\u043e\u0432\u044b\u0445 \u043f\u043e\u043c\u0435\u0449\u0435\u043d\u0438\u044f\u0445 \u0438 \u043e\u0444\u0438\u0441\u0430\u0445 \u0411\u0430\u0440\u0441\u0435\u043b\u043e\u043d\u044b \u0438 \u0411\u0430\u043b\u0435\u0430\u0440\u0441\u043a\u0438\u0445 \u043e\u0441\u0442\u0440\u043e\u0432\u043e\u0432. \u041d\u0430\u0448\u0430 \u043a\u043e\u043c\u043f\u0430\u043d\u0438\u044f \u0440\u0430\u0441\u043f\u043e\u043b\u0430\u0433\u0430\u0435\u0442 \u0431\u043e\u043b\u044c\u0448\u043e\u0439 \u043a\u043e\u043c\u0430\u043d\u0434\u043e\u0439 \u043e\u043f\u044b\u0442\u043d\u044b\u0445<span class=\"excerpt-hellip\"> [\u2026]<\/span><\/p>\n","protected":false},"author":1,"featured_media":0,"parent":0,"menu_order":0,"comment_status":"closed","ping_status":"closed","template":"","meta":[],"_links":{"self":[{"href":"https:\/\/www.lants.es\/ru\/wp-json\/wp\/v2\/pages\/2812"}],"collection":[{"href":"https:\/\/www.lants.es\/ru\/wp-json\/wp\/v2\/pages"}],"about":[{"href":"https:\/\/www.lants.es\/ru\/wp-json\/wp\/v2\/types\/page"}],"author":[{"embeddable":true,"href":"https:\/\/www.lants.es\/ru\/wp-json\/wp\/v2\/users\/1"}],"replies":[{"embeddable":true,"href":"https:\/\/www.lants.es\/ru\/wp-json\/wp\/v2\/comments?post=2812"}],"version-history":[{"count":5,"href":"https:\/\/www.lants.es\/ru\/wp-json\/wp\/v2\/pages\/2812\/revisions"}],"predecessor-version":[{"id":3104,"href":"https:\/\/www.lants.es\/ru\/wp-json\/wp\/v2\/pages\/2812\/revisions\/3104"}],"wp:attachment":[{"href":"https:\/\/www.lants.es\/ru\/wp-json\/wp\/v2\/media?parent=2812"}],"curies":[{"name":"wp","href":"https:\/\/api.w.org\/{rel}","templated":true}]}}